{"id":253,"date":"2015-08-11T22:13:09","date_gmt":"2015-08-11T22:13:09","guid":{"rendered":"http:\/\/savoy.nordicmade.com\/product\/classic-chair\/"},"modified":"2025-07-25T17:03:44","modified_gmt":"2025-07-25T17:03:44","slug":"americanation","status":"publish","type":"product","link":"https:\/\/www.alejogarcia.com\/tienda\/product\/americanation\/","title":{"rendered":"Americanation (Digital)"},"content":{"rendered":"","protected":false},"excerpt":{"rendered":"<p>\u00a1S\u00e9 de los primeros en escuchar el \u00e1lbum completo<\/p>\n<p>Muy pronto lanzaremos un trabajo musical \u00fanico, y t\u00fa puedes ser uno de los primeros en vivir la traves\u00eda completa.<\/p>\n<p>Con una calidad de audio impecable y un sonido envolvente, cada canci\u00f3n te llevar\u00e1 a un paisaje sonoro diferente.<\/p>\n<p>Adem\u00e1s, al adquirir el \u00e1lbum, tendr\u00e1s acceso a material exclusivo y sorpresas in\u00e9ditas que solo estar\u00e1n disponibles para quienes apuesten por este lanzamiento.<\/p>\n<p>\u00a1No te pierdas la oportunidad de ser parte de la tercera y expedici\u00f3n por las Am\u00e9ricas.<\/p>\n","protected":false},"featured_media":2511,"comment_status":"open","ping_status":"closed","template":"","meta":[],"product_brand":[],"product_cat":[16],"product_tag":[],"class_list":{"0":"post-253","1":"product","2":"type-product","3":"status-publish","4":"has-post-thumbnail","6":"product_cat-digital","8":"first","9":"instock","10":"featured","11":"downloadable","12":"virtual","13":"purchasable","14":"product-type-simple"},"_links":{"self":[{"href":"https:\/\/www.alejogarcia.com\/tienda\/wp-json\/wp\/v2\/product\/253","targetHints":{"allow":["GET"]}}],"collection":[{"href":"https:\/\/www.alejogarcia.com\/tienda\/wp-json\/wp\/v2\/product"}],"about":[{"href":"https:\/\/www.alejogarcia.com\/tienda\/wp-json\/wp\/v2\/types\/product"}],"replies":[{"embeddable":true,"href":"https:\/\/www.alejogarcia.com\/tienda\/wp-json\/wp\/v2\/comments?post=253"}],"wp:featuredmedia":[{"embeddable":true,"href":"https:\/\/www.alejogarcia.com\/tienda\/wp-json\/wp\/v2\/media\/2511"}],"wp:attachment":[{"href":"https:\/\/www.alejogarcia.com\/tienda\/wp-json\/wp\/v2\/media?parent=253"}],"wp:term":[{"taxonomy":"product_brand","embeddable":true,"href":"https:\/\/www.alejogarcia.com\/tienda\/wp-json\/wp\/v2\/product_brand?post=253"},{"taxonomy":"product_cat","embeddable":true,"href":"https:\/\/www.alejogarcia.com\/tienda\/wp-json\/wp\/v2\/product_cat?post=253"},{"taxonomy":"product_tag","embeddable":true,"href":"https:\/\/www.alejogarcia.com\/tienda\/wp-json\/wp\/v2\/product_tag?post=253"}],"curies":[{"name":"wp","href":"https:\/\/api.w.org\/{rel}","templated":true}]}}